{"id":351,"date":"2019-01-23T13:43:16","date_gmt":"2019-01-23T13:43:16","guid":{"rendered":"https:\/\/installers.qantumthemes.xyz\/wpcast\/demo\/?page_id=351"},"modified":"2021-04-04T01:37:33","modified_gmt":"2021-04-04T04:37:33","slug":"donate","status":"publish","type":"page","link":"https:\/\/diariomagicko.com.br\/en\/donate\/","title":{"rendered":"APOIE"},"content":{"rendered":"<div class=\"wpb-content-wrapper\"><div class=\"wpcast-vc-row-container\"><div class=\"vc_row wpcast-stickycont wpb_row vc_row-wpcast\"><div class=\"wpb_column vc_column_container vc_col-sm-8\"><div class=\"vc_column-inner\"><div class=\"wpb_wrapper\">\n\t<div class=\"wpb_text_column wpb_content_element\" >\n\t\t<div class=\"wpb_wrapper\">\n\t\t\t<p>Voc\u00ea pode contribuir com o <strong>Di\u00e1rio M\u00e1gicko<\/strong> para que o projeto melhor se estruture e se expanda ainda mais!<\/p>\n\n\t\t<\/div>\n\t<\/div>\n<div class=\"vc_row wpb_row vc_inner vc_row-wpcast\"><div class=\"wpb_column vc_column_container vc_col-sm-3\"><div class=\"vc_column-inner\"><div class=\"wpb_wrapper\">\n\t<div  class=\"wpb_single_image wpb_content_element vc_align_center wpb_content_element wpb_animate_when_almost_visible wpb_fadeInLeft fadeInLeft\">\n\t\t\n\t\t<figure class=\"wpb_wrapper vc_figure\">\n\t\t\t<div class=\"vc_single_image-wrapper   vc_box_border_grey\"><img loading=\"lazy\" decoding=\"async\" width=\"150\" height=\"150\" src=\"https:\/\/diariomagicko.com.br\/wp-content\/uploads\/2020\/11\/cadeado-aberto-150x150.png\" class=\"vc_single_image-img attachment-thumbnail\" alt=\"\" title=\"\" srcset=\"https:\/\/diariomagicko.com.br\/wp-content\/uploads\/2020\/11\/cadeado-aberto-150x150.png 150w, https:\/\/diariomagicko.com.br\/wp-content\/uploads\/2020\/11\/cadeado-aberto-100x100.png 100w, https:\/\/diariomagicko.com.br\/wp-content\/uploads\/2020\/11\/cadeado-aberto-370x370.png 370w, https:\/\/diariomagicko.com.br\/wp-content\/uploads\/2020\/11\/cadeado-aberto.png 512w\" sizes=\"auto, (max-width: 150px) 100vw, 150px\" \/><\/div>\n\t\t<\/figure>\n\t<\/div>\n<\/div><\/div><\/div><div class=\"wpb_column vc_column_container vc_col-sm-9\"><div class=\"vc_column-inner\"><div class=\"wpb_wrapper\">\n\t<div class=\"wpb_text_column wpb_content_element\" >\n\t\t<div class=\"wpb_wrapper\">\n\t\t\t<p>Nos apoiando com a quantia m\u00ednima de <strong>15,00 reais mensais<\/strong> voc\u00ea:<\/p>\n<ul>\n<li>Recebe o ingresso ao nosso grupo do Telegram<\/li>\n<li>Tem acesso a conte\u00fados exclusivos semanalmente<\/li>\n<li>Acompanha o desenvolvimento dos nossos projeto, participando das decis\u00f5es!<\/li>\n<\/ul>\n\n\t\t<\/div>\n\t<\/div>\n<\/div><\/div><\/div><\/div><\/div><\/div><\/div><div class=\"wpb_column vc_column_container vc_col-sm-4\"><div class=\"vc_column-inner\"><div class=\"wpb_wrapper\"><div class=\"vc_empty_space\"   style=\"height: 32px\"><span class=\"vc_empty_space_inner\"><\/span><\/div>\n\t<div  class=\"wpb_single_image wpb_content_element vc_align_left wpb_content_element\">\n\t\t\n\t\t<figure class=\"wpb_wrapper vc_figure\">\n\t\t\t<a href=\"https:\/\/apoia.se\/diariomagicko\" target=\"_self\" class=\"vc_single_image-wrapper   vc_box_border_grey\"><img loading=\"lazy\" decoding=\"async\" width=\"600\" height=\"618\" src=\"https:\/\/diariomagicko.com.br\/wp-content\/uploads\/2020\/11\/00000apoiaLogo.jpg\" class=\"vc_single_image-img attachment-full\" alt=\"\" title=\"\" \/><\/a>\n\t\t<\/figure>\n\t<\/div>\n\n\t<div class=\"wpb_text_column wpb_content_element\" >\n\t\t<div class=\"wpb_wrapper\">\n\t\t\t<p style=\"font-size: 17px; text-align: center;\"><a href=\"https:\/\/apoia.se\/diariomagicko\">https:\/\/apoia.se\/diariomagicko<\/a><\/p>\n\n\t\t<\/div>\n\t<\/div>\n<div class=\"vc_empty_space\"   style=\"height: 32px\"><span class=\"vc_empty_space_inner\"><\/span><\/div><\/div><\/div><\/div><\/div><\/div><div class=\"wpcast-vc-row-container\"><div class=\"vc_row wpcast-stickycont wpb_row vc_row-wpcast\"><div class=\"wpb_column vc_column_container vc_col-sm-12\"><div class=\"vc_column-inner\"><div class=\"wpb_wrapper\">\n\t<div class=\"wpb_text_column wpb_content_element\" >\n\t\t<div class=\"wpb_wrapper\">\n\t\t\t<p>O Di\u00e1rio M\u00e1gicko est\u00e1 aberto para todos que quiserem contribuir com a sua narrativa. Quanto mais pessoas para contribuir com nossa hist\u00f3ria, mais profunda e \u00e9pica ela ser\u00e1!<\/p>\n<p><a href=\"https:\/\/apoia.se\/diariomagicko\">https:\/\/apoia.se\/diariomagicko<\/a><\/p>\n\n\t\t<\/div>\n\t<\/div>\n<\/div><\/div><\/div><\/div><\/div><div class=\"wpcast-vc-row-container\"><div class=\"vc_row wpcast-stickycont wpb_row vc_row-wpcast\"><div class=\"wpb_column vc_column_container vc_col-sm-12\"><div class=\"vc_column-inner\"><div class=\"wpb_wrapper\">\n\t<div class=\"wpb_text_column wpb_content_element\" >\n\t\t<div class=\"wpb_wrapper\">\n\t\t\t<p style=\"font-size: 10px;\">*\u00cdcones feitos por <a title=\"Those Icons\" href=\"https:\/\/www.flaticon.com\/br\/autores\/those-icons\">Those Icons<\/a> from <a title=\"Flaticon\" href=\"https:\/\/www.flaticon.com\/br\/\"> www.flaticon.com<\/a><\/p>\n\n\t\t<\/div>\n\t<\/div>\n<\/div><\/div><\/div><\/div><\/div>\n<\/div>","protected":false},"excerpt":{"rendered":"Voc\u00ea pode contribuir com o Di\u00e1rio M\u00e1gicko para que o projeto melhor se estruture e se expanda ainda mais! Nos apoiando com a quantia m\u00ednima de 15,00 reais mensais voc\u00ea: Recebe o ingresso ao nosso grupo do Telegram Tem acesso a conte\u00fados exclusivos semanalmente Acompanha o desenvolvimento dos nossos projeto, [...]","protected":false},"author":1,"featured_media":0,"parent":0,"menu_order":0,"comment_status":"closed","ping_status":"closed","template":"","meta":{"footnotes":""},"class_list":["post-351","page","type-page","status-publish","hentry"],"yoast_head":"<!-- This site is optimized with the Yoast SEO plugin v26.9 - https:\/\/yoast.com\/product\/yoast-seo-wordpress\/ -->\n<title>APOIE - Di\u00e1rio M\u00e1gicko<\/title>\n<meta name=\"description\" content=\"Voc\u00ea pode contribuir com o Di\u00e1rio M\u00e1gicko para que o projeto melhor se estruture e se expanda ainda mais! O Di\u00e1rio M\u00e1gicko est\u00e1 aberto para todos.\" \/>\n<meta name=\"robots\" content=\"index, follow, max-snippet:-1, max-image-preview:large, max-video-preview:-1\" \/>\n<link rel=\"canonical\" href=\"https:\/\/diariomagicko.com.br\/en\/donate\/\" \/>\n<meta property=\"og:locale\" content=\"en_US\" \/>\n<meta property=\"og:type\" content=\"article\" \/>\n<meta property=\"og:title\" content=\"APOIE - Di\u00e1rio M\u00e1gicko\" \/>\n<meta property=\"og:description\" content=\"Voc\u00ea pode contribuir com o Di\u00e1rio M\u00e1gicko para que o projeto melhor se estruture e se expanda ainda mais! O Di\u00e1rio M\u00e1gicko est\u00e1 aberto para todos.\" \/>\n<meta property=\"og:url\" content=\"https:\/\/diariomagicko.com.br\/en\/donate\/\" \/>\n<meta property=\"og:site_name\" content=\"Di\u00e1rio M\u00e1gicko\" \/>\n<meta property=\"article:modified_time\" content=\"2021-04-04T04:37:33+00:00\" \/>\n<meta name=\"twitter:card\" content=\"summary_large_image\" \/>\n<meta name=\"twitter:label1\" content=\"Est. reading time\" \/>\n\t<meta name=\"twitter:data1\" content=\"1 minute\" \/>\n<script type=\"application\/ld+json\" class=\"yoast-schema-graph\">{\"@context\":\"https:\/\/schema.org\",\"@graph\":[{\"@type\":\"WebPage\",\"@id\":\"https:\/\/diariomagicko.com.br\/donate\/\",\"url\":\"https:\/\/diariomagicko.com.br\/donate\/\",\"name\":\"APOIE - Di\u00e1rio M\u00e1gicko\",\"isPartOf\":{\"@id\":\"https:\/\/diariomagicko.com.br\/#website\"},\"datePublished\":\"2019-01-23T13:43:16+00:00\",\"dateModified\":\"2021-04-04T04:37:33+00:00\",\"description\":\"Voc\u00ea pode contribuir com o Di\u00e1rio M\u00e1gicko para que o projeto melhor se estruture e se expanda ainda mais! O Di\u00e1rio M\u00e1gicko est\u00e1 aberto para todos.\",\"breadcrumb\":{\"@id\":\"https:\/\/diariomagicko.com.br\/donate\/#breadcrumb\"},\"inLanguage\":\"en-US\",\"potentialAction\":[{\"@type\":\"ReadAction\",\"target\":[\"https:\/\/diariomagicko.com.br\/donate\/\"]}]},{\"@type\":\"BreadcrumbList\",\"@id\":\"https:\/\/diariomagicko.com.br\/donate\/#breadcrumb\",\"itemListElement\":[{\"@type\":\"ListItem\",\"position\":1,\"name\":\"In\u00edcio\",\"item\":\"https:\/\/diariomagicko.com.br\/\"},{\"@type\":\"ListItem\",\"position\":2,\"name\":\"APOIE\"}]},{\"@type\":\"WebSite\",\"@id\":\"https:\/\/diariomagicko.com.br\/#website\",\"url\":\"https:\/\/diariomagicko.com.br\/\",\"name\":\"Di\u00e1rio M\u00e1gicko\",\"description\":\"\",\"potentialAction\":[{\"@type\":\"SearchAction\",\"target\":{\"@type\":\"EntryPoint\",\"urlTemplate\":\"https:\/\/diariomagicko.com.br\/?s={search_term_string}\"},\"query-input\":{\"@type\":\"PropertyValueSpecification\",\"valueRequired\":true,\"valueName\":\"search_term_string\"}}],\"inLanguage\":\"en-US\"}]}<\/script>\n<!-- \/ Yoast SEO plugin. -->","yoast_head_json":{"title":"APOIE - Di\u00e1rio M\u00e1gicko","description":"Voc\u00ea pode contribuir com o Di\u00e1rio M\u00e1gicko para que o projeto melhor se estruture e se expanda ainda mais! O Di\u00e1rio M\u00e1gicko est\u00e1 aberto para todos.","robots":{"index":"index","follow":"follow","max-snippet":"max-snippet:-1","max-image-preview":"max-image-preview:large","max-video-preview":"max-video-preview:-1"},"canonical":"https:\/\/diariomagicko.com.br\/en\/donate\/","og_locale":"en_US","og_type":"article","og_title":"APOIE - Di\u00e1rio M\u00e1gicko","og_description":"Voc\u00ea pode contribuir com o Di\u00e1rio M\u00e1gicko para que o projeto melhor se estruture e se expanda ainda mais! O Di\u00e1rio M\u00e1gicko est\u00e1 aberto para todos.","og_url":"https:\/\/diariomagicko.com.br\/en\/donate\/","og_site_name":"Di\u00e1rio M\u00e1gicko","article_modified_time":"2021-04-04T04:37:33+00:00","twitter_card":"summary_large_image","twitter_misc":{"Est. reading time":"1 minute"},"schema":{"@context":"https:\/\/schema.org","@graph":[{"@type":"WebPage","@id":"https:\/\/diariomagicko.com.br\/donate\/","url":"https:\/\/diariomagicko.com.br\/donate\/","name":"APOIE - Di\u00e1rio M\u00e1gicko","isPartOf":{"@id":"https:\/\/diariomagicko.com.br\/#website"},"datePublished":"2019-01-23T13:43:16+00:00","dateModified":"2021-04-04T04:37:33+00:00","description":"Voc\u00ea pode contribuir com o Di\u00e1rio M\u00e1gicko para que o projeto melhor se estruture e se expanda ainda mais! O Di\u00e1rio M\u00e1gicko est\u00e1 aberto para todos.","breadcrumb":{"@id":"https:\/\/diariomagicko.com.br\/donate\/#breadcrumb"},"inLanguage":"en-US","potentialAction":[{"@type":"ReadAction","target":["https:\/\/diariomagicko.com.br\/donate\/"]}]},{"@type":"BreadcrumbList","@id":"https:\/\/diariomagicko.com.br\/donate\/#breadcrumb","itemListElement":[{"@type":"ListItem","position":1,"name":"In\u00edcio","item":"https:\/\/diariomagicko.com.br\/"},{"@type":"ListItem","position":2,"name":"APOIE"}]},{"@type":"WebSite","@id":"https:\/\/diariomagicko.com.br\/#website","url":"https:\/\/diariomagicko.com.br\/","name":"Di\u00e1rio M\u00e1gicko","description":"","potentialAction":[{"@type":"SearchAction","target":{"@type":"EntryPoint","urlTemplate":"https:\/\/diariomagicko.com.br\/?s={search_term_string}"},"query-input":{"@type":"PropertyValueSpecification","valueRequired":true,"valueName":"search_term_string"}}],"inLanguage":"en-US"}]}},"_links":{"self":[{"href":"https:\/\/diariomagicko.com.br\/en\/wp-json\/wp\/v2\/pages\/351","targetHints":{"allow":["GET"]}}],"collection":[{"href":"https:\/\/diariomagicko.com.br\/en\/wp-json\/wp\/v2\/pages"}],"about":[{"href":"https:\/\/diariomagicko.com.br\/en\/wp-json\/wp\/v2\/types\/page"}],"author":[{"embeddable":true,"href":"https:\/\/diariomagicko.com.br\/en\/wp-json\/wp\/v2\/users\/1"}],"replies":[{"embeddable":true,"href":"https:\/\/diariomagicko.com.br\/en\/wp-json\/wp\/v2\/comments?post=351"}],"version-history":[{"count":30,"href":"https:\/\/diariomagicko.com.br\/en\/wp-json\/wp\/v2\/pages\/351\/revisions"}],"predecessor-version":[{"id":1812,"href":"https:\/\/diariomagicko.com.br\/en\/wp-json\/wp\/v2\/pages\/351\/revisions\/1812"}],"wp:attachment":[{"href":"https:\/\/diariomagicko.com.br\/en\/wp-json\/wp\/v2\/media?parent=351"}],"curies":[{"name":"wp","href":"https:\/\/api.w.org\/{rel}","templated":true}]}}