{"id":346,"date":"2019-01-23T13:41:53","date_gmt":"2019-01-23T13:41:53","guid":{"rendered":"https:\/\/installers.qantumthemes.xyz\/wpcast\/demo\/?page_id=346"},"modified":"2021-01-18T18:26:41","modified_gmt":"2021-01-18T21:26:41","slug":"authors","status":"publish","type":"page","link":"https:\/\/diariomagicko.com.br\/en\/authors\/","title":{"rendered":"QUEM ESCREVE"},"content":{"rendered":"<div class=\"wpb-content-wrapper\"><div class=\"wpcast-vc-row-container\"><div class=\"vc_row wpcast-stickycont wpb_row vc_row-wpcast\"><div class=\"wpb_column vc_column_container vc_col-sm-12\"><div class=\"vc_column-inner\"><div class=\"wpb_wrapper\">\n\t<div class=\"wpb_text_column wpb_content_element\" >\n\t\t<div class=\"wpb_wrapper\">\n\t\t\t<h3>APRESENTADOR<\/h3>\n\n\t\t<\/div>\n\t<\/div>\n<div class=\"vc_row wpb_row vc_inner vc_row-wpcast\"><div class=\"wpb_column vc_column_container vc_col-sm-3\"><div class=\"vc_column-inner vc_custom_1608153781984\"><div class=\"wpb_wrapper\">\n\t<div  class=\"wpb_single_image wpb_content_element vc_align_center wpb_content_element\">\n\t\t\n\t\t<figure class=\"wpb_wrapper vc_figure\">\n\t\t\t<div class=\"vc_single_image-wrapper   vc_box_border_grey\"><img decoding=\"async\" class=\"vc_single_image-img\" src=\"https:\/\/diariomagicko.com.br\/wp-content\/uploads\/2020\/12\/RodrigoV-540x540.jpg\" width=\"540\" height=\"540\" alt=\"\" title=\"\" loading=\"lazy\" \/><\/div>\n\t\t<\/figure>\n\t<\/div>\n<\/div><\/div><\/div><div class=\"wpb_column vc_column_container vc_col-sm-9\"><div class=\"vc_column-inner\"><div class=\"wpb_wrapper\">\n\t<div class=\"wpb_text_column wpb_content_element\" >\n\t\t<div class=\"wpb_wrapper\">\n\t\t\t<p><strong>Rodrigo Vignoli<\/strong> \u00e9 o host e o idealizador do <strong>Di\u00e1rio M\u00e1gicko<\/strong>. \u00c9 ele quem seleciona as perguntas, os entrevistados e ordena os fluxos das torrentes de ideias durante as grava\u00e7\u00f5es.<\/p>\n<p>Rodrigo \u00e9 terapeuta hol\u00edstico e atende pessoas do mundo todo. Segundo ele, \u00e9 o contato com o diferente que lhe propicia entender melhor a complexidade da espiritualidade e como cada indiv\u00edduo tem uma constru\u00e7\u00e3o de mundo t\u00e3o particular.<\/p>\n<p>Define sua meta como \u201creconstruir a ponte entre a Espiritualidade e a Magia\u201d e acredita que o Di\u00e1rio M\u00e1gicko faz parte desse objetivo.<\/p>\n<p>Pode ser encontrado em todas as redes sociais pelo <a href=\"https:\/\/web.telegram.org\/#\/im?p={cb45b30be17bce126748d4de7d4b9d13ea73a4c9f3ec94d50df06f357e16fd38}40rfvignoli\">@rfvignoli<\/a><\/p>\n\n\t\t<\/div>\n\t<\/div>\n<\/div><\/div><\/div><\/div><\/div><\/div><\/div><\/div><\/div><div class=\"wpcast-vc-row-container\"><div class=\"vc_row wpcast-stickycont wpb_row vc_row-wpcast\"><div class=\"wpb_column vc_column_container vc_col-sm-12\"><div class=\"vc_column-inner\"><div class=\"wpb_wrapper\">\n\t<div class=\"wpb_text_column wpb_content_element\" >\n\t\t<div class=\"wpb_wrapper\">\n\t\t\t<h3>EDITOR<\/h3>\n\n\t\t<\/div>\n\t<\/div>\n<div class=\"vc_row wpb_row vc_inner vc_row-wpcast\"><div class=\"wpb_column vc_column_container vc_col-sm-8\"><div class=\"vc_column-inner\"><div class=\"wpb_wrapper\">\n\t<div class=\"wpb_text_column wpb_content_element\" >\n\t\t<div class=\"wpb_wrapper\">\n\t\t\t<p><strong>Guilherme Neves<\/strong> \u00e9 quem edita e cuida da p\u00f3s produ\u00e7\u00e3o do <strong>Podcast Di\u00e1rio M\u00e1gicko<\/strong>. Com o interesse em proporcionar experi\u00eancias mais profundas, com ouvintes que procuram al\u00e9m do entretenimento em podcasts, Guilherme procurou o <strong>Rodrigo Vignoli<\/strong> pra produzir algo novo na podosfera ocultista, assim deram forma ao Di\u00e1rio M\u00e1gicko, e consecutivamente, criou a Produtora de podcast, <strong>Lefou Podcasts<\/strong>.<\/p>\n<p>\u201c-Espero que gostem do conte\u00fado, do clima, e da arte envolta nessa produ\u00e7\u00e3o. Possam captar toda mensagem e sentimentos colocados por mim e pelo Rod em cada epis\u00f3dio do Di\u00e1rio M\u00e1gicko, e anotem os seus resultados!. Guilherme Neves &#8211; Lefou Podcasts\u201d<\/p>\n<p>Contato Lefou Podcasts Email: <a href=\"mailto:guilherme.arquivopodcast@gmail.com\">guilherme.arquivopodcast@gmail.com<\/a><\/p>\n\n\t\t<\/div>\n\t<\/div>\n<\/div><\/div><\/div><div class=\"wpb_column vc_column_container vc_col-sm-4\"><div class=\"vc_column-inner vc_custom_1608153807396\"><div class=\"wpb_wrapper\">\n\t<div  class=\"wpb_single_image wpb_content_element vc_align_center wpb_content_element\">\n\t\t\n\t\t<figure class=\"wpb_wrapper vc_figure\">\n\t\t\t<div class=\"vc_single_image-wrapper   vc_box_border_grey\"><img decoding=\"async\" class=\"vc_single_image-img\" src=\"https:\/\/diariomagicko.com.br\/wp-content\/uploads\/2020\/12\/Guilherme-Editor-280x280.jpeg\" width=\"280\" height=\"280\" alt=\"\" title=\"\" loading=\"lazy\" \/><\/div>\n\t\t<\/figure>\n\t<\/div>\n<\/div><\/div><\/div><\/div><\/div><\/div><\/div><\/div><\/div>\n<\/div>","protected":false},"excerpt":{"rendered":"APRESENTADOR Rodrigo Vignoli \u00e9 o host e o idealizador do Di\u00e1rio M\u00e1gicko. \u00c9 ele quem seleciona as perguntas, os entrevistados e ordena os fluxos das torrentes de ideias durante as grava\u00e7\u00f5es. Rodrigo \u00e9 terapeuta hol\u00edstico e atende pessoas do mundo todo. Segundo ele, \u00e9 o contato com o diferente que [...]","protected":false},"author":1,"featured_media":0,"parent":0,"menu_order":0,"comment_status":"closed","ping_status":"closed","template":"page-wide.php","meta":{"footnotes":""},"class_list":["post-346","page","type-page","status-publish","hentry"],"yoast_head":"<!-- This site is optimized with the Yoast SEO plugin v26.9 - https:\/\/yoast.com\/product\/yoast-seo-wordpress\/ -->\n<title>QUEM ESCREVE - Di\u00e1rio M\u00e1gicko<\/title>\n<meta name=\"robots\" content=\"index, follow, max-snippet:-1, max-image-preview:large, max-video-preview:-1\" \/>\n<link rel=\"canonical\" href=\"https:\/\/diariomagicko.com.br\/en\/pt\/authors\/\" \/>\n<meta property=\"og:locale\" content=\"en_US\" \/>\n<meta property=\"og:type\" content=\"article\" \/>\n<meta property=\"og:title\" content=\"QUEM ESCREVE - Di\u00e1rio M\u00e1gicko\" \/>\n<meta property=\"og:url\" content=\"https:\/\/diariomagicko.com.br\/en\/pt\/authors\/\" \/>\n<meta property=\"og:site_name\" content=\"Di\u00e1rio M\u00e1gicko\" \/>\n<meta property=\"article:modified_time\" content=\"2021-01-18T21:26:41+00:00\" \/>\n<meta name=\"twitter:card\" content=\"summary_large_image\" \/>\n<meta name=\"twitter:label1\" content=\"Est. reading time\" \/>\n\t<meta name=\"twitter:data1\" content=\"2 minutes\" \/>\n<script type=\"application\/ld+json\" class=\"yoast-schema-graph\">{\"@context\":\"https:\/\/schema.org\",\"@graph\":[{\"@type\":\"WebPage\",\"@id\":\"https:\/\/diariomagicko.com.br\/pt\/authors\/\",\"url\":\"https:\/\/diariomagicko.com.br\/pt\/authors\/\",\"name\":\"QUEM ESCREVE - Di\u00e1rio M\u00e1gicko\",\"isPartOf\":{\"@id\":\"https:\/\/diariomagicko.com.br\/#website\"},\"datePublished\":\"2019-01-23T13:41:53+00:00\",\"dateModified\":\"2021-01-18T21:26:41+00:00\",\"breadcrumb\":{\"@id\":\"https:\/\/diariomagicko.com.br\/pt\/authors\/#breadcrumb\"},\"inLanguage\":\"en-US\",\"potentialAction\":[{\"@type\":\"ReadAction\",\"target\":[\"https:\/\/diariomagicko.com.br\/pt\/authors\/\"]}]},{\"@type\":\"BreadcrumbList\",\"@id\":\"https:\/\/diariomagicko.com.br\/pt\/authors\/#breadcrumb\",\"itemListElement\":[{\"@type\":\"ListItem\",\"position\":1,\"name\":\"In\u00edcio\",\"item\":\"https:\/\/diariomagicko.com.br\/\"},{\"@type\":\"ListItem\",\"position\":2,\"name\":\"QUEM ESCREVE\"}]},{\"@type\":\"WebSite\",\"@id\":\"https:\/\/diariomagicko.com.br\/#website\",\"url\":\"https:\/\/diariomagicko.com.br\/\",\"name\":\"Di\u00e1rio M\u00e1gicko\",\"description\":\"\",\"potentialAction\":[{\"@type\":\"SearchAction\",\"target\":{\"@type\":\"EntryPoint\",\"urlTemplate\":\"https:\/\/diariomagicko.com.br\/?s={search_term_string}\"},\"query-input\":{\"@type\":\"PropertyValueSpecification\",\"valueRequired\":true,\"valueName\":\"search_term_string\"}}],\"inLanguage\":\"en-US\"}]}<\/script>\n<!-- \/ Yoast SEO plugin. -->","yoast_head_json":{"title":"QUEM ESCREVE - Di\u00e1rio M\u00e1gicko","robots":{"index":"index","follow":"follow","max-snippet":"max-snippet:-1","max-image-preview":"max-image-preview:large","max-video-preview":"max-video-preview:-1"},"canonical":"https:\/\/diariomagicko.com.br\/en\/pt\/authors\/","og_locale":"en_US","og_type":"article","og_title":"QUEM ESCREVE - Di\u00e1rio M\u00e1gicko","og_url":"https:\/\/diariomagicko.com.br\/en\/pt\/authors\/","og_site_name":"Di\u00e1rio M\u00e1gicko","article_modified_time":"2021-01-18T21:26:41+00:00","twitter_card":"summary_large_image","twitter_misc":{"Est. reading time":"2 minutes"},"schema":{"@context":"https:\/\/schema.org","@graph":[{"@type":"WebPage","@id":"https:\/\/diariomagicko.com.br\/pt\/authors\/","url":"https:\/\/diariomagicko.com.br\/pt\/authors\/","name":"QUEM ESCREVE - Di\u00e1rio M\u00e1gicko","isPartOf":{"@id":"https:\/\/diariomagicko.com.br\/#website"},"datePublished":"2019-01-23T13:41:53+00:00","dateModified":"2021-01-18T21:26:41+00:00","breadcrumb":{"@id":"https:\/\/diariomagicko.com.br\/pt\/authors\/#breadcrumb"},"inLanguage":"en-US","potentialAction":[{"@type":"ReadAction","target":["https:\/\/diariomagicko.com.br\/pt\/authors\/"]}]},{"@type":"BreadcrumbList","@id":"https:\/\/diariomagicko.com.br\/pt\/authors\/#breadcrumb","itemListElement":[{"@type":"ListItem","position":1,"name":"In\u00edcio","item":"https:\/\/diariomagicko.com.br\/"},{"@type":"ListItem","position":2,"name":"QUEM ESCREVE"}]},{"@type":"WebSite","@id":"https:\/\/diariomagicko.com.br\/#website","url":"https:\/\/diariomagicko.com.br\/","name":"Di\u00e1rio M\u00e1gicko","description":"","potentialAction":[{"@type":"SearchAction","target":{"@type":"EntryPoint","urlTemplate":"https:\/\/diariomagicko.com.br\/?s={search_term_string}"},"query-input":{"@type":"PropertyValueSpecification","valueRequired":true,"valueName":"search_term_string"}}],"inLanguage":"en-US"}]}},"_links":{"self":[{"href":"https:\/\/diariomagicko.com.br\/en\/wp-json\/wp\/v2\/pages\/346","targetHints":{"allow":["GET"]}}],"collection":[{"href":"https:\/\/diariomagicko.com.br\/en\/wp-json\/wp\/v2\/pages"}],"about":[{"href":"https:\/\/diariomagicko.com.br\/en\/wp-json\/wp\/v2\/types\/page"}],"author":[{"embeddable":true,"href":"https:\/\/diariomagicko.com.br\/en\/wp-json\/wp\/v2\/users\/1"}],"replies":[{"embeddable":true,"href":"https:\/\/diariomagicko.com.br\/en\/wp-json\/wp\/v2\/comments?post=346"}],"version-history":[{"count":12,"href":"https:\/\/diariomagicko.com.br\/en\/wp-json\/wp\/v2\/pages\/346\/revisions"}],"predecessor-version":[{"id":1421,"href":"https:\/\/diariomagicko.com.br\/en\/wp-json\/wp\/v2\/pages\/346\/revisions\/1421"}],"wp:attachment":[{"href":"https:\/\/diariomagicko.com.br\/en\/wp-json\/wp\/v2\/media?parent=346"}],"curies":[{"name":"wp","href":"https:\/\/api.w.org\/{rel}","templated":true}]}}