{"id":1434,"date":"2020-11-06T19:39:51","date_gmt":"2020-11-06T22:39:51","guid":{"rendered":"https:\/\/diariomagicko.com.br\/?page_id=1434"},"modified":"2021-01-13T14:57:00","modified_gmt":"2021-01-13T17:57:00","slug":"contato","status":"publish","type":"page","link":"https:\/\/diariomagicko.com.br\/en\/contato\/","title":{"rendered":"CONTE SUA HIST\u00d3RIA"},"content":{"rendered":"<div class=\"wpb-content-wrapper\"><div class=\"wpcast-vc-row-container\"><div class=\"vc_row wpcast-stickycont wpb_row vc_row-wpcast\"><div class=\"wpb_column vc_column_container vc_col-sm-12\"><div class=\"vc_column-inner\"><div class=\"wpb_wrapper\">\n\t<div class=\"wpb_text_column wpb_content_element\" >\n\t\t<div class=\"wpb_wrapper\">\n\t\t\t<p>Voc\u00ea j\u00e1 ouviu os relatos dos nossos convidados no formato do Di\u00e1rio M\u00e1gicko, mas n\u00f3s tamb\u00e9m queremos ouvir as SUAS hist\u00f3rias!<\/p>\n<p>Acontecimentos bizarros, sucessos \u00e9picos, falhas vergonhosas ou descobertas ex\u00f3ticas. Todos n\u00f3s temos uma narrativa ex\u00f3tica para compartilhar!<\/p>\n<p>Voc\u00ea pode nos enviar a sua hist\u00f3ria em formato de \u00e1udio para o nosso WhatsApp, <a href=\"https:\/\/api.whatsapp.com\/send?phone=5531975375123\">+55 (31) 97537-5123<\/a>, ou em formato de texto para o e-mail <a href=\"mailto:contatodiariomagicko@gmail.com\">contatodiariomagicko@gmail.com <\/a><\/p>\n<p>Assim voc\u00ea divulga parte do que aconteceu contigo e tamb\u00e9m ajuda a expandir essa trama de viv\u00eancias que \u00e9 o Di\u00e1rio M\u00e1gicko!<\/p>\n\n\t\t<\/div>\n\t<\/div>\n<\/div><\/div><\/div><\/div><\/div>\n<\/div>","protected":false},"excerpt":{"rendered":"Voc\u00ea j\u00e1 ouviu os relatos dos nossos convidados no formato do Di\u00e1rio M\u00e1gicko, mas n\u00f3s tamb\u00e9m queremos ouvir as SUAS hist\u00f3rias! Acontecimentos bizarros, sucessos \u00e9picos, falhas vergonhosas ou descobertas ex\u00f3ticas. Todos n\u00f3s temos uma narrativa ex\u00f3tica para compartilhar! Voc\u00ea pode nos enviar a sua hist\u00f3ria em formato de \u00e1udio para [...]","protected":false},"author":1,"featured_media":0,"parent":0,"menu_order":0,"comment_status":"closed","ping_status":"closed","template":"","meta":{"footnotes":""},"class_list":["post-1434","page","type-page","status-publish","hentry"],"yoast_head":"<!-- This site is optimized with the Yoast SEO plugin v26.9 - https:\/\/yoast.com\/product\/yoast-seo-wordpress\/ -->\n<title>CONTE SUA HIST\u00d3RIA - Di\u00e1rio M\u00e1gicko<\/title>\n<meta name=\"robots\" content=\"index, follow, max-snippet:-1, max-image-preview:large, max-video-preview:-1\" \/>\n<link rel=\"canonical\" href=\"https:\/\/diariomagicko.com.br\/en\/contato\/\" \/>\n<meta property=\"og:locale\" content=\"en_US\" \/>\n<meta property=\"og:type\" content=\"article\" \/>\n<meta property=\"og:title\" content=\"CONTE SUA HIST\u00d3RIA - Di\u00e1rio M\u00e1gicko\" \/>\n<meta property=\"og:url\" content=\"https:\/\/diariomagicko.com.br\/en\/contato\/\" \/>\n<meta property=\"og:site_name\" content=\"Di\u00e1rio M\u00e1gicko\" \/>\n<meta property=\"article:modified_time\" content=\"2021-01-13T17:57:00+00:00\" \/>\n<meta name=\"twitter:card\" content=\"summary_large_image\" \/>\n<meta name=\"twitter:label1\" content=\"Est. reading time\" \/>\n\t<meta name=\"twitter:data1\" content=\"1 minute\" \/>\n<script type=\"application\/ld+json\" class=\"yoast-schema-graph\">{\"@context\":\"https:\/\/schema.org\",\"@graph\":[{\"@type\":\"WebPage\",\"@id\":\"https:\/\/diariomagicko.com.br\/contato\/\",\"url\":\"https:\/\/diariomagicko.com.br\/contato\/\",\"name\":\"CONTE SUA HIST\u00d3RIA - Di\u00e1rio M\u00e1gicko\",\"isPartOf\":{\"@id\":\"https:\/\/diariomagicko.com.br\/#website\"},\"datePublished\":\"2020-11-06T22:39:51+00:00\",\"dateModified\":\"2021-01-13T17:57:00+00:00\",\"breadcrumb\":{\"@id\":\"https:\/\/diariomagicko.com.br\/contato\/#breadcrumb\"},\"inLanguage\":\"en-US\",\"potentialAction\":[{\"@type\":\"ReadAction\",\"target\":[\"https:\/\/diariomagicko.com.br\/contato\/\"]}]},{\"@type\":\"BreadcrumbList\",\"@id\":\"https:\/\/diariomagicko.com.br\/contato\/#breadcrumb\",\"itemListElement\":[{\"@type\":\"ListItem\",\"position\":1,\"name\":\"In\u00edcio\",\"item\":\"https:\/\/diariomagicko.com.br\/\"},{\"@type\":\"ListItem\",\"position\":2,\"name\":\"CONTE SUA HIST\u00d3RIA\"}]},{\"@type\":\"WebSite\",\"@id\":\"https:\/\/diariomagicko.com.br\/#website\",\"url\":\"https:\/\/diariomagicko.com.br\/\",\"name\":\"Di\u00e1rio M\u00e1gicko\",\"description\":\"\",\"potentialAction\":[{\"@type\":\"SearchAction\",\"target\":{\"@type\":\"EntryPoint\",\"urlTemplate\":\"https:\/\/diariomagicko.com.br\/?s={search_term_string}\"},\"query-input\":{\"@type\":\"PropertyValueSpecification\",\"valueRequired\":true,\"valueName\":\"search_term_string\"}}],\"inLanguage\":\"en-US\"}]}<\/script>\n<!-- \/ Yoast SEO plugin. -->","yoast_head_json":{"title":"CONTE SUA HIST\u00d3RIA - Di\u00e1rio M\u00e1gicko","robots":{"index":"index","follow":"follow","max-snippet":"max-snippet:-1","max-image-preview":"max-image-preview:large","max-video-preview":"max-video-preview:-1"},"canonical":"https:\/\/diariomagicko.com.br\/en\/contato\/","og_locale":"en_US","og_type":"article","og_title":"CONTE SUA HIST\u00d3RIA - Di\u00e1rio M\u00e1gicko","og_url":"https:\/\/diariomagicko.com.br\/en\/contato\/","og_site_name":"Di\u00e1rio M\u00e1gicko","article_modified_time":"2021-01-13T17:57:00+00:00","twitter_card":"summary_large_image","twitter_misc":{"Est. reading time":"1 minute"},"schema":{"@context":"https:\/\/schema.org","@graph":[{"@type":"WebPage","@id":"https:\/\/diariomagicko.com.br\/contato\/","url":"https:\/\/diariomagicko.com.br\/contato\/","name":"CONTE SUA HIST\u00d3RIA - Di\u00e1rio M\u00e1gicko","isPartOf":{"@id":"https:\/\/diariomagicko.com.br\/#website"},"datePublished":"2020-11-06T22:39:51+00:00","dateModified":"2021-01-13T17:57:00+00:00","breadcrumb":{"@id":"https:\/\/diariomagicko.com.br\/contato\/#breadcrumb"},"inLanguage":"en-US","potentialAction":[{"@type":"ReadAction","target":["https:\/\/diariomagicko.com.br\/contato\/"]}]},{"@type":"BreadcrumbList","@id":"https:\/\/diariomagicko.com.br\/contato\/#breadcrumb","itemListElement":[{"@type":"ListItem","position":1,"name":"In\u00edcio","item":"https:\/\/diariomagicko.com.br\/"},{"@type":"ListItem","position":2,"name":"CONTE SUA HIST\u00d3RIA"}]},{"@type":"WebSite","@id":"https:\/\/diariomagicko.com.br\/#website","url":"https:\/\/diariomagicko.com.br\/","name":"Di\u00e1rio M\u00e1gicko","description":"","potentialAction":[{"@type":"SearchAction","target":{"@type":"EntryPoint","urlTemplate":"https:\/\/diariomagicko.com.br\/?s={search_term_string}"},"query-input":{"@type":"PropertyValueSpecification","valueRequired":true,"valueName":"search_term_string"}}],"inLanguage":"en-US"}]}},"_links":{"self":[{"href":"https:\/\/diariomagicko.com.br\/en\/wp-json\/wp\/v2\/pages\/1434","targetHints":{"allow":["GET"]}}],"collection":[{"href":"https:\/\/diariomagicko.com.br\/en\/wp-json\/wp\/v2\/pages"}],"about":[{"href":"https:\/\/diariomagicko.com.br\/en\/wp-json\/wp\/v2\/types\/page"}],"author":[{"embeddable":true,"href":"https:\/\/diariomagicko.com.br\/en\/wp-json\/wp\/v2\/users\/1"}],"replies":[{"embeddable":true,"href":"https:\/\/diariomagicko.com.br\/en\/wp-json\/wp\/v2\/comments?post=1434"}],"version-history":[{"count":3,"href":"https:\/\/diariomagicko.com.br\/en\/wp-json\/wp\/v2\/pages\/1434\/revisions"}],"predecessor-version":[{"id":1494,"href":"https:\/\/diariomagicko.com.br\/en\/wp-json\/wp\/v2\/pages\/1434\/revisions\/1494"}],"wp:attachment":[{"href":"https:\/\/diariomagicko.com.br\/en\/wp-json\/wp\/v2\/media?parent=1434"}],"curies":[{"name":"wp","href":"https:\/\/api.w.org\/{rel}","templated":true}]}}