{"id":1317,"date":"2020-11-04T15:54:14","date_gmt":"2020-11-04T18:54:14","guid":{"rendered":"https:\/\/diariomagicko.com.br\/?page_id=1317"},"modified":"2021-04-03T21:06:45","modified_gmt":"2021-04-04T00:06:45","slug":"nossas-redes","status":"publish","type":"page","link":"https:\/\/diariomagicko.com.br\/en\/nossas-redes\/","title":{"rendered":"NOSSAS REDES"},"content":{"rendered":"<div class=\"wpb-content-wrapper\"><div class=\"wpcast-vc-row-container\"><div class=\"vc_row wpcast-stickycont wpb_row vc_row-wpcast\"><div class=\"wpb_column vc_column_container vc_col-sm-12\"><div class=\"vc_column-inner\"><div class=\"wpb_wrapper\">\n\t<div class=\"wpb_text_column wpb_content_element\" >\n\t\t<div class=\"wpb_wrapper\">\n\t\t\t<p style=\"text-align: center;\">Voc\u00ea pode encontrar o <strong>Di\u00e1rio M\u00e1gicko<\/strong> em todas as redes no <strong>@DiarioMagicko<\/strong><\/p>\n\n\t\t<\/div>\n\t<\/div>\n<div class=\"vc_row wpb_row vc_inner vc_row-wpcast\"><div class=\"wpb_column vc_column_container vc_col-sm-1\/5\"><div class=\"vc_column-inner\"><div class=\"wpb_wrapper\">\n\t<div  class=\"wpb_single_image wpb_content_element vc_align_center wpb_content_element wpb_animate_when_almost_visible wpb_flipInX flipInX\">\n\t\t\n\t\t<figure class=\"wpb_wrapper vc_figure\">\n\t\t\t<a href=\"https:\/\/www.facebook.com\/Di\u00e1rio-M\u00e1gicko-Podcast-100914111592276\/\" target=\"_blank\" class=\"vc_single_image-wrapper   vc_box_border_grey\"><img loading=\"lazy\" decoding=\"async\" width=\"770\" height=\"669\" src=\"https:\/\/diariomagicko.com.br\/wp-content\/uploads\/2020\/11\/Facebook-770x669.png\" class=\"vc_single_image-img attachment-medium\" alt=\"link para facebook\" title=\"Facebook\" srcset=\"https:\/\/diariomagicko.com.br\/wp-content\/uploads\/2020\/11\/Facebook-770x669.png 770w, https:\/\/diariomagicko.com.br\/wp-content\/uploads\/2020\/11\/Facebook-1170x1017.png 1170w, https:\/\/diariomagicko.com.br\/wp-content\/uploads\/2020\/11\/Facebook-768x668.png 768w, https:\/\/diariomagicko.com.br\/wp-content\/uploads\/2020\/11\/Facebook-1536x1335.png 1536w, https:\/\/diariomagicko.com.br\/wp-content\/uploads\/2020\/11\/Facebook.png 1600w\" sizes=\"auto, (max-width: 770px) 100vw, 770px\" \/><\/a><figcaption class=\"vc_figure-caption\">Facebook<\/figcaption>\n\t\t<\/figure>\n\t<\/div>\n<\/div><\/div><\/div><div class=\"wpb_column vc_column_container vc_col-sm-1\/5\"><div class=\"vc_column-inner\"><div class=\"wpb_wrapper\">\n\t<div  class=\"wpb_single_image wpb_content_element vc_align_center wpb_content_element wpb_animate_when_almost_visible wpb_flipInX flipInX\">\n\t\t\n\t\t<figure class=\"wpb_wrapper vc_figure\">\n\t\t\t<a href=\"https:\/\/www.instagram.com\/diariomagicko\/\" target=\"_blank\" class=\"vc_single_image-wrapper   vc_box_border_grey\"><img loading=\"lazy\" decoding=\"async\" width=\"770\" height=\"770\" src=\"https:\/\/diariomagicko.com.br\/wp-content\/uploads\/2020\/11\/instagram-logo-png-770x770.png\" class=\"vc_single_image-img attachment-medium\" alt=\"link para instagram\" title=\"Instagram\" srcset=\"https:\/\/diariomagicko.com.br\/wp-content\/uploads\/2020\/11\/instagram-logo-png-770x770.png 770w, https:\/\/diariomagicko.com.br\/wp-content\/uploads\/2020\/11\/instagram-logo-png-150x150.png 150w, https:\/\/diariomagicko.com.br\/wp-content\/uploads\/2020\/11\/instagram-logo-png-768x767.png 768w, https:\/\/diariomagicko.com.br\/wp-content\/uploads\/2020\/11\/instagram-logo-png-100x100.png 100w, https:\/\/diariomagicko.com.br\/wp-content\/uploads\/2020\/11\/instagram-logo-png-370x370.png 370w, https:\/\/diariomagicko.com.br\/wp-content\/uploads\/2020\/11\/instagram-logo-png.png 800w\" sizes=\"auto, (max-width: 770px) 100vw, 770px\" \/><\/a><figcaption class=\"vc_figure-caption\">Instagram<\/figcaption>\n\t\t<\/figure>\n\t<\/div>\n<\/div><\/div><\/div><div class=\"wpb_column vc_column_container vc_col-sm-1\/5\"><div class=\"vc_column-inner\"><div class=\"wpb_wrapper\">\n\t<div  class=\"wpb_single_image wpb_content_element vc_align_center wpb_content_element wpb_animate_when_almost_visible wpb_flipInX flipInX\">\n\t\t\n\t\t<figure class=\"wpb_wrapper vc_figure\">\n\t\t\t<a href=\"https:\/\/twitter.com\/diariomagicko\" target=\"_blank\" class=\"vc_single_image-wrapper   vc_box_border_grey\"><img loading=\"lazy\" decoding=\"async\" width=\"512\" height=\"512\" src=\"https:\/\/diariomagicko.com.br\/wp-content\/uploads\/2020\/11\/2890bac9ba41e52707f36268231dfe9e.png\" class=\"vc_single_image-img attachment-medium\" alt=\"link para twitter\" title=\"Twitter\" srcset=\"https:\/\/diariomagicko.com.br\/wp-content\/uploads\/2020\/11\/2890bac9ba41e52707f36268231dfe9e.png 512w, https:\/\/diariomagicko.com.br\/wp-content\/uploads\/2020\/11\/2890bac9ba41e52707f36268231dfe9e-150x150.png 150w, https:\/\/diariomagicko.com.br\/wp-content\/uploads\/2020\/11\/2890bac9ba41e52707f36268231dfe9e-100x100.png 100w, https:\/\/diariomagicko.com.br\/wp-content\/uploads\/2020\/11\/2890bac9ba41e52707f36268231dfe9e-370x370.png 370w\" sizes=\"auto, (max-width: 512px) 100vw, 512px\" \/><\/a><figcaption class=\"vc_figure-caption\">Twitter<\/figcaption>\n\t\t<\/figure>\n\t<\/div>\n<\/div><\/div><\/div><div class=\"wpb_column vc_column_container vc_col-sm-1\/5\"><div class=\"vc_column-inner\"><div class=\"wpb_wrapper\">\n\t<div  class=\"wpb_single_image wpb_content_element vc_align_center wpb_content_element wpb_animate_when_almost_visible wpb_flipInX flipInX\">\n\t\t\n\t\t<figure class=\"wpb_wrapper vc_figure\">\n\t\t\t<a href=\"https:\/\/www.youtube.com\/channel\/UCjMxHnvU7kBskat-fMLOEfA?app=desktop\" target=\"_blank\" class=\"vc_single_image-wrapper   vc_box_border_grey\"><img loading=\"lazy\" decoding=\"async\" width=\"770\" height=\"669\" src=\"https:\/\/diariomagicko.com.br\/wp-content\/uploads\/2020\/12\/Logo-Youtube-770x669.png\" class=\"vc_single_image-img attachment-medium\" alt=\"link para youtube\" title=\"Youtube\" srcset=\"https:\/\/diariomagicko.com.br\/wp-content\/uploads\/2020\/12\/Logo-Youtube-770x669.png 770w, https:\/\/diariomagicko.com.br\/wp-content\/uploads\/2020\/12\/Logo-Youtube-1170x1017.png 1170w, https:\/\/diariomagicko.com.br\/wp-content\/uploads\/2020\/12\/Logo-Youtube-768x668.png 768w, https:\/\/diariomagicko.com.br\/wp-content\/uploads\/2020\/12\/Logo-Youtube-1536x1335.png 1536w, https:\/\/diariomagicko.com.br\/wp-content\/uploads\/2020\/12\/Logo-Youtube-14x12.png 14w, https:\/\/diariomagicko.com.br\/wp-content\/uploads\/2020\/12\/Logo-Youtube.png 1600w\" sizes=\"auto, (max-width: 770px) 100vw, 770px\" \/><\/a><figcaption class=\"vc_figure-caption\">Youtube<\/figcaption>\n\t\t<\/figure>\n\t<\/div>\n<\/div><\/div><\/div><div class=\"wpb_column vc_column_container vc_col-sm-1\/5\"><div class=\"vc_column-inner\"><div class=\"wpb_wrapper\">\n\t<div  class=\"wpb_single_image wpb_content_element vc_align_center wpb_content_element wpb_animate_when_almost_visible wpb_flipInX flipInX\">\n\t\t\n\t\t<figure class=\"wpb_wrapper vc_figure\">\n\t\t\t<a href=\"https:\/\/api.whatsapp.com\/send?phone=5531975375123\" target=\"_blank\" class=\"vc_single_image-wrapper   vc_box_border_grey\"><img loading=\"lazy\" decoding=\"async\" width=\"770\" height=\"669\" src=\"https:\/\/diariomagicko.com.br\/wp-content\/uploads\/2020\/12\/Whatsapp-logo-770x669.png\" class=\"vc_single_image-img attachment-medium\" alt=\"link para whatsapp\" title=\"Whatsapp\" srcset=\"https:\/\/diariomagicko.com.br\/wp-content\/uploads\/2020\/12\/Whatsapp-logo-770x669.png 770w, https:\/\/diariomagicko.com.br\/wp-content\/uploads\/2020\/12\/Whatsapp-logo-1170x1017.png 1170w, https:\/\/diariomagicko.com.br\/wp-content\/uploads\/2020\/12\/Whatsapp-logo-768x668.png 768w, https:\/\/diariomagicko.com.br\/wp-content\/uploads\/2020\/12\/Whatsapp-logo-1536x1335.png 1536w, https:\/\/diariomagicko.com.br\/wp-content\/uploads\/2020\/12\/Whatsapp-logo-14x12.png 14w, https:\/\/diariomagicko.com.br\/wp-content\/uploads\/2020\/12\/Whatsapp-logo.png 1600w\" sizes=\"auto, (max-width: 770px) 100vw, 770px\" \/><\/a><figcaption class=\"vc_figure-caption\">Whatsapp <\/figcaption>\n\t\t<\/figure>\n\t<\/div>\n<\/div><\/div><\/div><\/div><\/div><\/div><\/div><\/div><\/div>\n<\/div>","protected":false},"excerpt":{"rendered":"Voc\u00ea pode encontrar o Di\u00e1rio M\u00e1gicko em todas as redes no @DiarioMagicko Facebook Instagram Twitter Youtube Whatsapp","protected":false},"author":1,"featured_media":0,"parent":0,"menu_order":0,"comment_status":"closed","ping_status":"closed","template":"","meta":{"footnotes":""},"class_list":["post-1317","page","type-page","status-publish","hentry"],"yoast_head":"<!-- This site is optimized with the Yoast SEO plugin v26.9 - https:\/\/yoast.com\/product\/yoast-seo-wordpress\/ -->\n<title>NOSSAS REDES - Di\u00e1rio M\u00e1gicko<\/title>\n<meta name=\"robots\" content=\"index, follow, max-snippet:-1, max-image-preview:large, max-video-preview:-1\" \/>\n<link rel=\"canonical\" href=\"https:\/\/diariomagicko.com.br\/en\/nossas-redes\/\" \/>\n<meta property=\"og:locale\" content=\"en_US\" \/>\n<meta property=\"og:type\" content=\"article\" \/>\n<meta property=\"og:title\" content=\"NOSSAS REDES - Di\u00e1rio M\u00e1gicko\" \/>\n<meta property=\"og:url\" content=\"https:\/\/diariomagicko.com.br\/en\/nossas-redes\/\" \/>\n<meta property=\"og:site_name\" content=\"Di\u00e1rio M\u00e1gicko\" \/>\n<meta property=\"article:modified_time\" content=\"2021-04-04T00:06:45+00:00\" \/>\n<meta name=\"twitter:card\" content=\"summary_large_image\" \/>\n<meta name=\"twitter:label1\" content=\"Est. reading time\" \/>\n\t<meta name=\"twitter:data1\" content=\"2 minutes\" \/>\n<script type=\"application\/ld+json\" class=\"yoast-schema-graph\">{\"@context\":\"https:\/\/schema.org\",\"@graph\":[{\"@type\":\"WebPage\",\"@id\":\"https:\/\/diariomagicko.com.br\/nossas-redes\/\",\"url\":\"https:\/\/diariomagicko.com.br\/nossas-redes\/\",\"name\":\"NOSSAS REDES - Di\u00e1rio M\u00e1gicko\",\"isPartOf\":{\"@id\":\"https:\/\/diariomagicko.com.br\/#website\"},\"datePublished\":\"2020-11-04T18:54:14+00:00\",\"dateModified\":\"2021-04-04T00:06:45+00:00\",\"breadcrumb\":{\"@id\":\"https:\/\/diariomagicko.com.br\/nossas-redes\/#breadcrumb\"},\"inLanguage\":\"en-US\",\"potentialAction\":[{\"@type\":\"ReadAction\",\"target\":[\"https:\/\/diariomagicko.com.br\/nossas-redes\/\"]}]},{\"@type\":\"BreadcrumbList\",\"@id\":\"https:\/\/diariomagicko.com.br\/nossas-redes\/#breadcrumb\",\"itemListElement\":[{\"@type\":\"ListItem\",\"position\":1,\"name\":\"In\u00edcio\",\"item\":\"https:\/\/diariomagicko.com.br\/\"},{\"@type\":\"ListItem\",\"position\":2,\"name\":\"NOSSAS REDES\"}]},{\"@type\":\"WebSite\",\"@id\":\"https:\/\/diariomagicko.com.br\/#website\",\"url\":\"https:\/\/diariomagicko.com.br\/\",\"name\":\"Di\u00e1rio M\u00e1gicko\",\"description\":\"\",\"potentialAction\":[{\"@type\":\"SearchAction\",\"target\":{\"@type\":\"EntryPoint\",\"urlTemplate\":\"https:\/\/diariomagicko.com.br\/?s={search_term_string}\"},\"query-input\":{\"@type\":\"PropertyValueSpecification\",\"valueRequired\":true,\"valueName\":\"search_term_string\"}}],\"inLanguage\":\"en-US\"}]}<\/script>\n<!-- \/ Yoast SEO plugin. -->","yoast_head_json":{"title":"NOSSAS REDES - Di\u00e1rio M\u00e1gicko","robots":{"index":"index","follow":"follow","max-snippet":"max-snippet:-1","max-image-preview":"max-image-preview:large","max-video-preview":"max-video-preview:-1"},"canonical":"https:\/\/diariomagicko.com.br\/en\/nossas-redes\/","og_locale":"en_US","og_type":"article","og_title":"NOSSAS REDES - Di\u00e1rio M\u00e1gicko","og_url":"https:\/\/diariomagicko.com.br\/en\/nossas-redes\/","og_site_name":"Di\u00e1rio M\u00e1gicko","article_modified_time":"2021-04-04T00:06:45+00:00","twitter_card":"summary_large_image","twitter_misc":{"Est. reading time":"2 minutes"},"schema":{"@context":"https:\/\/schema.org","@graph":[{"@type":"WebPage","@id":"https:\/\/diariomagicko.com.br\/nossas-redes\/","url":"https:\/\/diariomagicko.com.br\/nossas-redes\/","name":"NOSSAS REDES - Di\u00e1rio M\u00e1gicko","isPartOf":{"@id":"https:\/\/diariomagicko.com.br\/#website"},"datePublished":"2020-11-04T18:54:14+00:00","dateModified":"2021-04-04T00:06:45+00:00","breadcrumb":{"@id":"https:\/\/diariomagicko.com.br\/nossas-redes\/#breadcrumb"},"inLanguage":"en-US","potentialAction":[{"@type":"ReadAction","target":["https:\/\/diariomagicko.com.br\/nossas-redes\/"]}]},{"@type":"BreadcrumbList","@id":"https:\/\/diariomagicko.com.br\/nossas-redes\/#breadcrumb","itemListElement":[{"@type":"ListItem","position":1,"name":"In\u00edcio","item":"https:\/\/diariomagicko.com.br\/"},{"@type":"ListItem","position":2,"name":"NOSSAS REDES"}]},{"@type":"WebSite","@id":"https:\/\/diariomagicko.com.br\/#website","url":"https:\/\/diariomagicko.com.br\/","name":"Di\u00e1rio M\u00e1gicko","description":"","potentialAction":[{"@type":"SearchAction","target":{"@type":"EntryPoint","urlTemplate":"https:\/\/diariomagicko.com.br\/?s={search_term_string}"},"query-input":{"@type":"PropertyValueSpecification","valueRequired":true,"valueName":"search_term_string"}}],"inLanguage":"en-US"}]}},"_links":{"self":[{"href":"https:\/\/diariomagicko.com.br\/en\/wp-json\/wp\/v2\/pages\/1317","targetHints":{"allow":["GET"]}}],"collection":[{"href":"https:\/\/diariomagicko.com.br\/en\/wp-json\/wp\/v2\/pages"}],"about":[{"href":"https:\/\/diariomagicko.com.br\/en\/wp-json\/wp\/v2\/types\/page"}],"author":[{"embeddable":true,"href":"https:\/\/diariomagicko.com.br\/en\/wp-json\/wp\/v2\/users\/1"}],"replies":[{"embeddable":true,"href":"https:\/\/diariomagicko.com.br\/en\/wp-json\/wp\/v2\/comments?post=1317"}],"version-history":[{"count":13,"href":"https:\/\/diariomagicko.com.br\/en\/wp-json\/wp\/v2\/pages\/1317\/revisions"}],"predecessor-version":[{"id":1785,"href":"https:\/\/diariomagicko.com.br\/en\/wp-json\/wp\/v2\/pages\/1317\/revisions\/1785"}],"wp:attachment":[{"href":"https:\/\/diariomagicko.com.br\/en\/wp-json\/wp\/v2\/media?parent=1317"}],"curies":[{"name":"wp","href":"https:\/\/api.w.org\/{rel}","templated":true}]}}