{"id":1245,"date":"2020-08-21T18:02:41","date_gmt":"2020-08-21T21:02:41","guid":{"rendered":"https:\/\/diariomagicko.com.br\/?page_id=1245"},"modified":"2021-04-03T22:15:01","modified_gmt":"2021-04-04T01:15:01","slug":"links-recomendados","status":"publish","type":"page","link":"https:\/\/diariomagicko.com.br\/en\/links-recomendados\/","title":{"rendered":"LINKS RECOMENDADOS"},"content":{"rendered":"<div class=\"wpb-content-wrapper\"><div class=\"wpcast-vc-row-container\"><div class=\"vc_row wpcast-stickycont wpb_row vc_row-wpcast\"><div class=\"wpb_column vc_column_container vc_col-sm-12\"><div class=\"vc_column-inner\"><div class=\"wpb_wrapper\">\n\t<div class=\"wpb_text_column wpb_content_element\" >\n\t\t<div class=\"wpb_wrapper\">\n\t\t\t<p style=\"text-align: center;\">Aqui reunimos uma s\u00e9rie de links que podem ser \u00fateis para voc\u00ea explorar um pouco mais do universo do Di\u00e1rio M\u00e1gicko e as nossas participa\u00e7\u00f5es em outros podcasts ou m\u00eddias diversas. Divirta-se!<\/p>\n<h3 style=\"text-align: center;\"><strong>V\u00eddeos:<\/strong><\/h3>\n<p style=\"text-align: center;\">Projeto Mayhem &#8211; 40 &#8211; Magia do Caos, ABRALAS e Servidores<\/p>\n<p style=\"text-align: center;\"><iframe loading=\"lazy\" src=\"https:\/\/www.youtube.com\/embed\/CPmB-qmR7d4\" width=\"560\" height=\"315\" frameborder=\"0\" allowfullscreen=\"allowfullscreen\"><\/iframe><\/p>\n<p>&nbsp;<\/p>\n<p style=\"text-align: center;\">CALEN: Barbalon &#8211; Vida e Obra de Dion Fortune por Rodrigo Vignoli<\/p>\n<p style=\"text-align: center;\"><iframe loading=\"lazy\" src=\"https:\/\/www.youtube.com\/embed\/d5ifHaRJhF4\" width=\"560\" height=\"315\" frameborder=\"0\" allowfullscreen=\"allowfullscreen\"><\/iframe><\/p>\n<p>&nbsp;<\/p>\n<p style=\"text-align: center;\">Caosofia \u2013 Verdadeira Vontade com Rodrigo Vignoli<\/p>\n<p style=\"text-align: center;\"><iframe loading=\"lazy\" src=\"https:\/\/www.youtube.com\/embed\/E4piKa8jZa4\" width=\"560\" height=\"315\" frameborder=\"0\" allowfullscreen=\"allowfullscreen\"><\/iframe><\/p>\n<p>&nbsp;<\/p>\n<h3 style=\"text-align: center;\"><strong>Podcasts:<\/strong><\/h3>\n<p style=\"text-align: center;\">Papo na Encruza 47 \u2013 Autodefesa Ps\u00edquica com Rodrigo Vignoli<\/p>\n<p style=\"text-align: center;\"><iframe loading=\"lazy\" src=\"https:\/\/www.youtube.com\/embed\/79_0rCDZpYo\" width=\"560\" height=\"315\" frameborder=\"0\" allowfullscreen=\"allowfullscreen\"><\/iframe><\/p>\n<p>&nbsp;<\/p>\n\n\t\t<\/div>\n\t<\/div>\n\n\t<div class=\"wpb_text_column wpb_content_element\" >\n\t\t<div class=\"wpb_wrapper\">\n\t\t\t<p style=\"text-align: center;\">Gatilho Kosmico EP:5 com Rodrigo Vignoli<\/p>\n\n\t\t<\/div>\n\t<\/div>\n\n\t<div  class=\"wpb_single_image wpb_content_element vc_align_center wpb_content_element vc_custom_1617498863638\">\n\t\t\n\t\t<figure class=\"wpb_wrapper vc_figure\">\n\t\t\t<a href=\"http:\/\/gatilhokosmico.com.br\/2019\/04\/28\/gatilho-kosmico-ep5\/\" target=\"_blank\" class=\"vc_single_image-wrapper   vc_box_border_grey\"><img loading=\"lazy\" decoding=\"async\" width=\"500\" height=\"500\" src=\"https:\/\/diariomagicko.com.br\/wp-content\/uploads\/2021\/04\/Audiora-Music-4.png\" class=\"vc_single_image-img attachment-medium\" alt=\"link para gatilho kosmico ep:5 com rodrigo vignoli\" title=\"Link\" srcset=\"https:\/\/diariomagicko.com.br\/wp-content\/uploads\/2021\/04\/Audiora-Music-4.png 500w, https:\/\/diariomagicko.com.br\/wp-content\/uploads\/2021\/04\/Audiora-Music-4-150x150.png 150w, https:\/\/diariomagicko.com.br\/wp-content\/uploads\/2021\/04\/Audiora-Music-4-12x12.png 12w, https:\/\/diariomagicko.com.br\/wp-content\/uploads\/2021\/04\/Audiora-Music-4-100x100.png 100w, https:\/\/diariomagicko.com.br\/wp-content\/uploads\/2021\/04\/Audiora-Music-4-370x370.png 370w\" sizes=\"auto, (max-width: 500px) 100vw, 500px\" \/><\/a>\n\t\t<\/figure>\n\t<\/div>\n\n\t<div class=\"wpb_text_column wpb_content_element\" >\n\t\t<div class=\"wpb_wrapper\">\n\t\t\t<p>&nbsp;<\/p>\n<p style=\"text-align: center;\">Magickando 70 \u2013 Paradigma Energ\u00e9tico<\/p>\n\n\t\t<\/div>\n\t<\/div>\n\n\t<div  class=\"wpb_single_image wpb_content_element vc_align_center wpb_content_element vc_custom_1617498730531\">\n\t\t\n\t\t<figure class=\"wpb_wrapper vc_figure\">\n\t\t\t<a href=\"http:\/\/www.magickando.com.br\/2020\/07\/02\/magickando-70-paradigma-energetico\/\" target=\"_blank\" class=\"vc_single_image-wrapper   vc_box_border_grey\"><img decoding=\"async\" class=\"vc_single_image-img\" src=\"https:\/\/diariomagicko.com.br\/wp-content\/uploads\/2021\/04\/Magickando-500x500.jpg\" width=\"500\" height=\"500\" alt=\"link para magickando 70 \u2013 paradigma energ\u00e9tico\" title=\"Magickando\" loading=\"lazy\" \/><\/a>\n\t\t<\/figure>\n\t<\/div>\n<\/div><\/div><\/div><\/div><\/div>\n<\/div>","protected":false},"excerpt":{"rendered":"Aqui reunimos uma s\u00e9rie de links que podem ser \u00fateis para voc\u00ea explorar um pouco mais do universo do Di\u00e1rio M\u00e1gicko e as nossas participa\u00e7\u00f5es em outros podcasts ou m\u00eddias diversas. Divirta-se! V\u00eddeos: Projeto Mayhem - 40 - Magia do Caos, ABRALAS e Servidores &nbsp; CALEN: Barbalon - Vida e [...]","protected":false},"author":1,"featured_media":0,"parent":0,"menu_order":0,"comment_status":"closed","ping_status":"closed","template":"","meta":{"footnotes":""},"class_list":["post-1245","page","type-page","status-publish","hentry"],"yoast_head":"<!-- This site is optimized with the Yoast SEO plugin v26.9 - https:\/\/yoast.com\/product\/yoast-seo-wordpress\/ -->\n<title>LINKS RECOMENDADOS - Di\u00e1rio M\u00e1gicko<\/title>\n<meta name=\"robots\" content=\"index, follow, max-snippet:-1, max-image-preview:large, max-video-preview:-1\" \/>\n<link rel=\"canonical\" href=\"https:\/\/diariomagicko.com.br\/en\/pt\/links-recomendados\/\" \/>\n<meta property=\"og:locale\" content=\"en_US\" \/>\n<meta property=\"og:type\" content=\"article\" \/>\n<meta property=\"og:title\" content=\"LINKS RECOMENDADOS - Di\u00e1rio M\u00e1gicko\" \/>\n<meta property=\"og:url\" content=\"https:\/\/diariomagicko.com.br\/en\/pt\/links-recomendados\/\" \/>\n<meta property=\"og:site_name\" content=\"Di\u00e1rio M\u00e1gicko\" \/>\n<meta property=\"article:modified_time\" content=\"2021-04-04T01:15:01+00:00\" \/>\n<meta name=\"twitter:card\" content=\"summary_large_image\" \/>\n<meta name=\"twitter:label1\" content=\"Est. reading time\" \/>\n\t<meta name=\"twitter:data1\" content=\"1 minute\" \/>\n<script type=\"application\/ld+json\" class=\"yoast-schema-graph\">{\"@context\":\"https:\/\/schema.org\",\"@graph\":[{\"@type\":\"WebPage\",\"@id\":\"https:\/\/diariomagicko.com.br\/pt\/links-recomendados\/\",\"url\":\"https:\/\/diariomagicko.com.br\/pt\/links-recomendados\/\",\"name\":\"LINKS RECOMENDADOS - Di\u00e1rio M\u00e1gicko\",\"isPartOf\":{\"@id\":\"https:\/\/diariomagicko.com.br\/#website\"},\"datePublished\":\"2020-08-21T21:02:41+00:00\",\"dateModified\":\"2021-04-04T01:15:01+00:00\",\"breadcrumb\":{\"@id\":\"https:\/\/diariomagicko.com.br\/pt\/links-recomendados\/#breadcrumb\"},\"inLanguage\":\"en-US\",\"potentialAction\":[{\"@type\":\"ReadAction\",\"target\":[\"https:\/\/diariomagicko.com.br\/pt\/links-recomendados\/\"]}]},{\"@type\":\"BreadcrumbList\",\"@id\":\"https:\/\/diariomagicko.com.br\/pt\/links-recomendados\/#breadcrumb\",\"itemListElement\":[{\"@type\":\"ListItem\",\"position\":1,\"name\":\"In\u00edcio\",\"item\":\"https:\/\/diariomagicko.com.br\/\"},{\"@type\":\"ListItem\",\"position\":2,\"name\":\"LINKS RECOMENDADOS\"}]},{\"@type\":\"WebSite\",\"@id\":\"https:\/\/diariomagicko.com.br\/#website\",\"url\":\"https:\/\/diariomagicko.com.br\/\",\"name\":\"Di\u00e1rio M\u00e1gicko\",\"description\":\"\",\"potentialAction\":[{\"@type\":\"SearchAction\",\"target\":{\"@type\":\"EntryPoint\",\"urlTemplate\":\"https:\/\/diariomagicko.com.br\/?s={search_term_string}\"},\"query-input\":{\"@type\":\"PropertyValueSpecification\",\"valueRequired\":true,\"valueName\":\"search_term_string\"}}],\"inLanguage\":\"en-US\"}]}<\/script>\n<!-- \/ Yoast SEO plugin. -->","yoast_head_json":{"title":"LINKS RECOMENDADOS - Di\u00e1rio M\u00e1gicko","robots":{"index":"index","follow":"follow","max-snippet":"max-snippet:-1","max-image-preview":"max-image-preview:large","max-video-preview":"max-video-preview:-1"},"canonical":"https:\/\/diariomagicko.com.br\/en\/pt\/links-recomendados\/","og_locale":"en_US","og_type":"article","og_title":"LINKS RECOMENDADOS - Di\u00e1rio M\u00e1gicko","og_url":"https:\/\/diariomagicko.com.br\/en\/pt\/links-recomendados\/","og_site_name":"Di\u00e1rio M\u00e1gicko","article_modified_time":"2021-04-04T01:15:01+00:00","twitter_card":"summary_large_image","twitter_misc":{"Est. reading time":"1 minute"},"schema":{"@context":"https:\/\/schema.org","@graph":[{"@type":"WebPage","@id":"https:\/\/diariomagicko.com.br\/pt\/links-recomendados\/","url":"https:\/\/diariomagicko.com.br\/pt\/links-recomendados\/","name":"LINKS RECOMENDADOS - Di\u00e1rio M\u00e1gicko","isPartOf":{"@id":"https:\/\/diariomagicko.com.br\/#website"},"datePublished":"2020-08-21T21:02:41+00:00","dateModified":"2021-04-04T01:15:01+00:00","breadcrumb":{"@id":"https:\/\/diariomagicko.com.br\/pt\/links-recomendados\/#breadcrumb"},"inLanguage":"en-US","potentialAction":[{"@type":"ReadAction","target":["https:\/\/diariomagicko.com.br\/pt\/links-recomendados\/"]}]},{"@type":"BreadcrumbList","@id":"https:\/\/diariomagicko.com.br\/pt\/links-recomendados\/#breadcrumb","itemListElement":[{"@type":"ListItem","position":1,"name":"In\u00edcio","item":"https:\/\/diariomagicko.com.br\/"},{"@type":"ListItem","position":2,"name":"LINKS RECOMENDADOS"}]},{"@type":"WebSite","@id":"https:\/\/diariomagicko.com.br\/#website","url":"https:\/\/diariomagicko.com.br\/","name":"Di\u00e1rio M\u00e1gicko","description":"","potentialAction":[{"@type":"SearchAction","target":{"@type":"EntryPoint","urlTemplate":"https:\/\/diariomagicko.com.br\/?s={search_term_string}"},"query-input":{"@type":"PropertyValueSpecification","valueRequired":true,"valueName":"search_term_string"}}],"inLanguage":"en-US"}]}},"_links":{"self":[{"href":"https:\/\/diariomagicko.com.br\/en\/wp-json\/wp\/v2\/pages\/1245","targetHints":{"allow":["GET"]}}],"collection":[{"href":"https:\/\/diariomagicko.com.br\/en\/wp-json\/wp\/v2\/pages"}],"about":[{"href":"https:\/\/diariomagicko.com.br\/en\/wp-json\/wp\/v2\/types\/page"}],"author":[{"embeddable":true,"href":"https:\/\/diariomagicko.com.br\/en\/wp-json\/wp\/v2\/users\/1"}],"replies":[{"embeddable":true,"href":"https:\/\/diariomagicko.com.br\/en\/wp-json\/wp\/v2\/comments?post=1245"}],"version-history":[{"count":9,"href":"https:\/\/diariomagicko.com.br\/en\/wp-json\/wp\/v2\/pages\/1245\/revisions"}],"predecessor-version":[{"id":1810,"href":"https:\/\/diariomagicko.com.br\/en\/wp-json\/wp\/v2\/pages\/1245\/revisions\/1810"}],"wp:attachment":[{"href":"https:\/\/diariomagicko.com.br\/en\/wp-json\/wp\/v2\/media?parent=1245"}],"curies":[{"name":"wp","href":"https:\/\/api.w.org\/{rel}","templated":true}]}}